{"id":1475,"date":"2022-11-21T17:09:40","date_gmt":"2022-11-21T16:09:40","guid":{"rendered":"https:\/\/hagenbeck-stables.com\/?page_id=1475"},"modified":"2022-11-24T14:32:06","modified_gmt":"2022-11-24T13:32:06","slug":"dierenarts-gezocht","status":"publish","type":"page","link":"https:\/\/hagenbeck-stables.com\/de\/dierenarts-gezocht\/","title":{"rendered":"Tierarts gesucht"},"content":{"rendered":"<div data-elementor-type=\"wp-page\" data-elementor-id=\"1475\" class=\"elementor elementor-1475\" data-elementor-settings=\"[]\">\n\t\t\t\t\t\t<div class=\"elementor-inner\">\n\t\t\t\t\t\t\t<div class=\"elementor-section-wrap\">\n\t\t\t\t\t\t\t<section class=\"elementor-section elementor-top-section elementor-element elementor-element-f17c7d2 elementor-section-boxed elementor-section-height-default elementor-section-height-default\" data-id=\"f17c7d2\" data-element_type=\"section\">\n\t\t\t\t\t\t<div class=\"elementor-container elementor-column-gap-default\">\n\t\t\t\t\t\t\t<div class=\"elementor-row\">\n\t\t\t\t\t<div class=\"elementor-column elementor-col-100 elementor-top-column elementor-element elementor-element-fc3501e\" data-id=\"fc3501e\" data-element_type=\"column\">\n\t\t\t<div class=\"elementor-column-wrap elementor-element-populated\">\n\t\t\t\t\t\t\t<div class=\"elementor-widget-wrap\">\n\t\t\t\t\t\t<div class=\"elementor-element elementor-element-65ef82d elementor-widget elementor-widget-heading\" data-id=\"65ef82d\" data-element_type=\"widget\" data-widget_type=\"heading.default\">\n\t\t\t\t<div class=\"elementor-widget-container\">\n\t\t\t<h2 class=\"elementor-heading-title elementor-size-default\">Auf der Suche nach abwechslungsreicher Arbeit als Tierarzt\/Tier\u00e4rztin? Hier k\u00f6nnen Sie Ihr Potential erweitern<\/h2>\t\t<\/div>\n\t\t\t\t<\/div>\n\t\t\t\t\t\t<\/div>\n\t\t\t\t\t<\/div>\n\t\t<\/div>\n\t\t\t\t\t\t\t\t<\/div>\n\t\t\t\t\t<\/div>\n\t\t<\/section>\n\t\t\t\t<section class=\"elementor-section elementor-top-section elementor-element elementor-element-f587d45 elementor-section-boxed elementor-section-height-default elementor-section-height-default\" data-id=\"f587d45\" data-element_type=\"section\">\n\t\t\t\t\t\t<div class=\"elementor-container elementor-column-gap-default\">\n\t\t\t\t\t\t\t<div class=\"elementor-row\">\n\t\t\t\t\t<div class=\"elementor-column elementor-col-100 elementor-top-column elementor-element elementor-element-ef2aa3a\" data-id=\"ef2aa3a\" data-element_type=\"column\">\n\t\t\t<div class=\"elementor-column-wrap elementor-element-populated\">\n\t\t\t\t\t\t\t<div class=\"elementor-widget-wrap\">\n\t\t\t\t\t\t<div class=\"elementor-element elementor-element-3596965 elementor-widget elementor-widget-text-editor\" data-id=\"3596965\" data-element_type=\"widget\" data-widget_type=\"text-editor.default\">\n\t\t\t\t<div class=\"elementor-widget-container\">\n\t\t\t\t\t\t\t\t<div class=\"elementor-text-editor elementor-clearfix\">\n\t\t\t\t<p>Im l\u00e4ndlich gelegenen Wijnandsrade (niederl\u00e4ndisch Limburg) liegt eine Tierarztpraxis, die eine einzigartige Gelegenheit bietet, wenn Sie auf der Suche nach dem n\u00e4chsten Schritt in Ihrer Karriere als Tierarzt\/Tier\u00e4rztin sind.<\/p><p>Zwischen Aachen und Maastricht gelegen mit einer unmittelbaren Anbindung an die Autobahn wird ein Kollege\/Kollegin gesucht. Die Tierarztpraxis befindet sich in einem ehemaligen Trainings-, Ausbildungs- und Reitstallbetrieb mit Zucht, hat aber getrennte Zug\u00e4nge und kann unabh\u00e4ngig von Stallungen und Halle betrieben werden. Eine sch\u00f6ne Wohnung befindet sich direkt auf dem Areal.<\/p><p>Es besteht die M\u00f6glichkeit zum Ausbau der Praxis zu einer Pferdeklinik. Eine Halle, Stallungen, Weiden und eine Deckstation sind bereits vorhanden und im Gesamtkomplex mit der Praxis verbunden. Parkpl\u00e4tze und gute Erreichbarkeit sind gegeben.<\/p><p>Kenntnisse in der niederl\u00e4ndischen Sprache sind von Vorteil, jedoch spricht man in der Praxis auch Deutsch und Englisch. Die Tierarztpraxis ist f\u00fcr ihren liebevollen Umgang mit Tieren und ihre freundliche, hilfsbereite Art im Gespr\u00e4ch mit Tierbesitzer\/innen bekannt. Diese F\u00e4higkeit zur Empathie wird auch vom potentiellen Nachfolger\/in erwartet.<\/p><p>Unterst\u00fctzung in der Beginnphase durch die heutige Senior Tier\u00e4rztin wird geboten.  Und weiterhin besteht zuk\u00fcnftig die M\u00f6glichkeit, die Praxis zu \u00e4u\u00dferst g\u00fcnstigen finanziellen Konditionen zu \u00fcbernehmen.<\/p><p>Kontaktinfo:\nDrs. S. Hagenbeck<\/p><p>Tel: <a href=\"tel:0455650532\">045-5650532<\/a><br \/>E-mail: <a href=\"mailto:info@hagenbeck-stables.nl\">info@hagenbeck-stables.nl<\/a><\/p><p>Website:<br \/><a href=\"http:\/\/www.dierenkliniek-hagenbeck.nl\" target=\"_blank\" rel=\"noopener\">www.dierenkliniek-hagenbeck.nl<\/a><br \/><a href=\"http:\/\/www.hagenbeck-stables.nl\/\" target=\"_blank\" rel=\"noopener\">www.hagenbeck-stables.nl<\/a><\/p>\t\t\t\t\t<\/div>\n\t\t\t\t\t\t<\/div>\n\t\t\t\t<\/div>\n\t\t\t\t\t\t<\/div>\n\t\t\t\t\t<\/div>\n\t\t<\/div>\n\t\t\t\t\t\t\t\t<\/div>\n\t\t\t\t\t<\/div>\n\t\t<\/section>\n\t\t\t\t\t\t<\/div>\n\t\t\t\t\t\t<\/div>\n\t\t\t\t\t<\/div>","protected":false},"excerpt":{"rendered":"<p>Op zoek naar uitdagend werk als dierenarts? In het landelijk gelegen Limburgse Wijnandsrade (Nuth) is een praktijk en een setting die een unieke gelegenheid biedt, als je je op zoek bent naar de volgende stap in je carri\u00e8re als dierenarts. De kleine huisdierenpraktijk heeft een goede naam in Limburg. De wachtlijst groeit en groeit. Steeds [&hellip;]<\/p>","protected":false},"author":4,"featured_media":0,"parent":0,"menu_order":0,"comment_status":"closed","ping_status":"closed","template":"","meta":[],"_links":{"self":[{"href":"https:\/\/hagenbeck-stables.com\/de\/wp-json\/wp\/v2\/pages\/1475"}],"collection":[{"href":"https:\/\/hagenbeck-stables.com\/de\/wp-json\/wp\/v2\/pages"}],"about":[{"href":"https:\/\/hagenbeck-stables.com\/de\/wp-json\/wp\/v2\/types\/page"}],"author":[{"embeddable":true,"href":"https:\/\/hagenbeck-stables.com\/de\/wp-json\/wp\/v2\/users\/4"}],"replies":[{"embeddable":true,"href":"https:\/\/hagenbeck-stables.com\/de\/wp-json\/wp\/v2\/comments?post=1475"}],"version-history":[{"count":5,"href":"https:\/\/hagenbeck-stables.com\/de\/wp-json\/wp\/v2\/pages\/1475\/revisions"}],"predecessor-version":[{"id":1484,"href":"https:\/\/hagenbeck-stables.com\/de\/wp-json\/wp\/v2\/pages\/1475\/revisions\/1484"}],"wp:attachment":[{"href":"https:\/\/hagenbeck-stables.com\/de\/wp-json\/wp\/v2\/media?parent=1475"}],"curies":[{"name":"wp","href":"https:\/\/api.w.org\/{rel}","templated":true}]}}