{"id":343,"date":"2021-01-05T19:48:18","date_gmt":"2021-01-05T18:48:18","guid":{"rendered":"https:\/\/hagenbeck-stables.webmatic.be\/?page_id=343"},"modified":"2021-01-29T10:15:17","modified_gmt":"2021-01-29T09:15:17","slug":"over-ons","status":"publish","type":"page","link":"https:\/\/hagenbeck-stables.com\/de\/over-ons\/","title":{"rendered":"\u00dcber uns"},"content":{"rendered":"<div data-elementor-type=\"wp-page\" data-elementor-id=\"343\" class=\"elementor elementor-343\" data-elementor-settings=\"[]\">\n\t\t\t\t\t\t<div class=\"elementor-inner\">\n\t\t\t\t\t\t\t<div class=\"elementor-section-wrap\">\n\t\t\t\t\t\t\t<section class=\"elementor-section elementor-top-section elementor-element elementor-element-efeca57 wbm_hero bc_text elementor-section-height-min-height elementor-section-items-bottom elementor-section-content-middle elementor-section-boxed elementor-section-height-default\" data-id=\"efeca57\" data-element_type=\"section\">\n\t\t\t\t\t\t\t<div class=\"elementor-background-overlay\"><\/div>\n\t\t\t\t\t\t\t<div class=\"elementor-container elementor-column-gap-default\">\n\t\t\t\t\t\t\t<div class=\"elementor-row\">\n\t\t\t\t\t<div class=\"elementor-column elementor-col-100 elementor-top-column elementor-element elementor-element-64a7d30\" data-id=\"64a7d30\" data-element_type=\"column\">\n\t\t\t<div class=\"elementor-column-wrap elementor-element-populated\">\n\t\t\t\t\t\t\t<div class=\"elementor-widget-wrap\">\n\t\t\t\t\t\t<div class=\"elementor-element elementor-element-cd25d08 cw_medium c_inverted m_b__2 elementor-widget elementor-widget-heading\" data-id=\"cd25d08\" data-element_type=\"widget\" data-widget_type=\"heading.default\">\n\t\t\t\t<div class=\"elementor-widget-container\">\n\t\t\t<h1 class=\"elementor-heading-title elementor-size-default\">\u00dcber uns<\/h1>\t\t<\/div>\n\t\t\t\t<\/div>\n\t\t\t\t<div class=\"elementor-element elementor-element-76798bb elementor-widget-divider--view-line elementor-widget elementor-widget-divider\" data-id=\"76798bb\" data-element_type=\"widget\" data-widget_type=\"divider.default\">\n\t\t\t\t<div class=\"elementor-widget-container\">\n\t\t\t\t\t<div class=\"elementor-divider\">\n\t\t\t<span class=\"elementor-divider-separator\">\n\t\t\t\t\t\t<\/span>\n\t\t<\/div>\n\t\t\t\t<\/div>\n\t\t\t\t<\/div>\n\t\t\t\t\t\t<\/div>\n\t\t\t\t\t<\/div>\n\t\t<\/div>\n\t\t\t\t\t\t\t\t<\/div>\n\t\t\t\t\t<\/div>\n\t\t<\/section>\n\t\t\t\t<section class=\"elementor-section elementor-top-section elementor-element elementor-element-e4c4d46 elementor-reverse-mobile elementor-section-boxed elementor-section-height-default elementor-section-height-default\" data-id=\"e4c4d46\" data-element_type=\"section\">\n\t\t\t\t\t\t<div class=\"elementor-container elementor-column-gap-default\">\n\t\t\t\t\t\t\t<div class=\"elementor-row\">\n\t\t\t\t\t<div class=\"elementor-column elementor-col-50 elementor-top-column elementor-element elementor-element-fce3191\" data-id=\"fce3191\" data-element_type=\"column\">\n\t\t\t<div class=\"elementor-column-wrap elementor-element-populated\">\n\t\t\t\t\t\t\t<div class=\"elementor-widget-wrap\">\n\t\t\t\t\t\t<div class=\"elementor-element elementor-element-18e6862 elementor-widget elementor-widget-shortcode\" data-id=\"18e6862\" data-element_type=\"widget\" data-widget_type=\"shortcode.default\">\n\t\t\t\t<div class=\"elementor-widget-container\">\n\t\t\t\t\t<div class=\"elementor-shortcode\"><div class=\"kowp_wrapper kowp_sc_slider kowp_113633340 kowp_no_display col_de_3 col_ta_2 col_mo_1\" style=\"width:100%;opacity:0;\"><div class=\"kowp_sc_slider_item kowp_item kowp_item_1\"><div class=\"kowp_wrapper kowp_sc_slider kowp_980211907 kowp_masonry col_de_2 col_ta_2 col_mo_2\" style=\"width:100%;opacity:0;\"><div class=\"kowp_col kowp_col_1\"><\/div><div class=\"kowp_col kowp_col_2\"><\/div><div class=\"kowp_col kowp_col_3\"><\/div><div class=\"kowp_col kowp_col_4\"><\/div><div class=\"kowp_col kowp_col_5\"><\/div><div class=\"kowp_col kowp_col_6\"><\/div><div class=\"kowp_col kowp_col_7\"><\/div><div class=\"kowp_col kowp_col_8\"><\/div><div class=\"kowp_item\"><a data-fancybox=\"kowp_1509097700\" href=\"https:\/\/hagenbeck-stables.com\/wp-content\/uploads\/2021\/01\/Sonjamutter_small.jpg\"><img width=\"600\" height=\"324\" src=\"https:\/\/hagenbeck-stables.com\/wp-content\/uploads\/2021\/01\/Sonjamutter_small-600x324.jpg\" class=\"attachment-600x0 size-600x0 kowp_sc_slider_slider_gallerij_gallery_image\" alt=\"\" loading=\"lazy\" srcset=\"https:\/\/hagenbeck-stables.com\/wp-content\/uploads\/2021\/01\/Sonjamutter_small-600x324.jpg 600w, https:\/\/hagenbeck-stables.com\/wp-content\/uploads\/2021\/01\/Sonjamutter_small-300x162.jpg 300w, https:\/\/hagenbeck-stables.com\/wp-content\/uploads\/2021\/01\/Sonjamutter_small-768x415.jpg 768w, https:\/\/hagenbeck-stables.com\/wp-content\/uploads\/2021\/01\/Sonjamutter_small.jpg 900w\" sizes=\"(max-width: 600px) 100vw, 600px\" \/><\/a><\/div><div class=\"kowp_item\"><a data-fancybox=\"kowp_1509097700\" href=\"https:\/\/hagenbeck-stables.com\/wp-content\/uploads\/2021\/01\/index5-eng.jpg\"><img width=\"450\" height=\"345\" src=\"https:\/\/hagenbeck-stables.com\/wp-content\/uploads\/2021\/01\/index5-eng.jpg\" class=\"attachment-600x0 size-600x0 kowp_sc_slider_slider_gallerij_gallery_image\" alt=\"\" loading=\"lazy\" srcset=\"https:\/\/hagenbeck-stables.com\/wp-content\/uploads\/2021\/01\/index5-eng.jpg 450w, https:\/\/hagenbeck-stables.com\/wp-content\/uploads\/2021\/01\/index5-eng-300x230.jpg 300w\" sizes=\"(max-width: 450px) 100vw, 450px\" \/><\/a><\/div><div class=\"kowp_item\"><a data-fancybox=\"kowp_1509097700\" href=\"https:\/\/hagenbeck-stables.com\/wp-content\/uploads\/2021\/01\/Santino_small-900x400-enhance-1920.jpg\"><img width=\"600\" height=\"267\" src=\"https:\/\/hagenbeck-stables.com\/wp-content\/uploads\/2021\/01\/Santino_small-900x400-enhance-1920-600x267.jpg\" class=\"attachment-600x0 size-600x0 kowp_sc_slider_slider_gallerij_gallery_image\" alt=\"\" loading=\"lazy\" srcset=\"https:\/\/hagenbeck-stables.com\/wp-content\/uploads\/2021\/01\/Santino_small-900x400-enhance-1920-600x267.jpg 600w, https:\/\/hagenbeck-stables.com\/wp-content\/uploads\/2021\/01\/Santino_small-900x400-enhance-1920-300x133.jpg 300w, https:\/\/hagenbeck-stables.com\/wp-content\/uploads\/2021\/01\/Santino_small-900x400-enhance-1920-768x341.jpg 768w, https:\/\/hagenbeck-stables.com\/wp-content\/uploads\/2021\/01\/Santino_small-900x400-enhance-1920-1024x455.jpg 1024w, https:\/\/hagenbeck-stables.com\/wp-content\/uploads\/2021\/01\/Santino_small-900x400-enhance-1920-1536x682.jpg 1536w, https:\/\/hagenbeck-stables.com\/wp-content\/uploads\/2021\/01\/Santino_small-900x400-enhance-1920.jpg 1920w\" sizes=\"(max-width: 600px) 100vw, 600px\" \/><\/a><\/div><div class=\"kowp_item\"><a data-fancybox=\"kowp_1509097700\" href=\"https:\/\/hagenbeck-stables.com\/wp-content\/uploads\/2021\/01\/Sonjarit21062012-1000x350-enhance-1920.jpg\"><img width=\"600\" height=\"210\" src=\"https:\/\/hagenbeck-stables.com\/wp-content\/uploads\/2021\/01\/Sonjarit21062012-1000x350-enhance-1920-600x210.jpg\" class=\"attachment-600x0 size-600x0 kowp_sc_slider_slider_gallerij_gallery_image\" alt=\"\" loading=\"lazy\" srcset=\"https:\/\/hagenbeck-stables.com\/wp-content\/uploads\/2021\/01\/Sonjarit21062012-1000x350-enhance-1920-600x210.jpg 600w, https:\/\/hagenbeck-stables.com\/wp-content\/uploads\/2021\/01\/Sonjarit21062012-1000x350-enhance-1920-300x105.jpg 300w, https:\/\/hagenbeck-stables.com\/wp-content\/uploads\/2021\/01\/Sonjarit21062012-1000x350-enhance-1920-768x269.jpg 768w, https:\/\/hagenbeck-stables.com\/wp-content\/uploads\/2021\/01\/Sonjarit21062012-1000x350-enhance-1920-1024x358.jpg 1024w, https:\/\/hagenbeck-stables.com\/wp-content\/uploads\/2021\/01\/Sonjarit21062012-1000x350-enhance-1920-1536x538.jpg 1536w, https:\/\/hagenbeck-stables.com\/wp-content\/uploads\/2021\/01\/Sonjarit21062012-1000x350-enhance-1920.jpg 1920w\" sizes=\"(max-width: 600px) 100vw, 600px\" \/><\/a><\/div><div class=\"kowp_item\"><a data-fancybox=\"kowp_1509097700\" href=\"https:\/\/hagenbeck-stables.com\/wp-content\/uploads\/2021\/01\/29062716_2039653582974722_7850695386632028160_n-1920-enhance-scaled.jpg\"><img width=\"600\" height=\"848\" src=\"https:\/\/hagenbeck-stables.com\/wp-content\/uploads\/2021\/01\/29062716_2039653582974722_7850695386632028160_n-1920-enhance-600x848.jpg\" class=\"attachment-600x0 size-600x0 kowp_sc_slider_slider_gallerij_gallery_image\" alt=\"\" loading=\"lazy\" srcset=\"https:\/\/hagenbeck-stables.com\/wp-content\/uploads\/2021\/01\/29062716_2039653582974722_7850695386632028160_n-1920-enhance-600x848.jpg 600w, https:\/\/hagenbeck-stables.com\/wp-content\/uploads\/2021\/01\/29062716_2039653582974722_7850695386632028160_n-1920-enhance-212x300.jpg 212w, https:\/\/hagenbeck-stables.com\/wp-content\/uploads\/2021\/01\/29062716_2039653582974722_7850695386632028160_n-1920-enhance-768x1086.jpg 768w, https:\/\/hagenbeck-stables.com\/wp-content\/uploads\/2021\/01\/29062716_2039653582974722_7850695386632028160_n-1920-enhance-724x1024.jpg 724w, https:\/\/hagenbeck-stables.com\/wp-content\/uploads\/2021\/01\/29062716_2039653582974722_7850695386632028160_n-1920-enhance-1087x1536.jpg 1087w, https:\/\/hagenbeck-stables.com\/wp-content\/uploads\/2021\/01\/29062716_2039653582974722_7850695386632028160_n-1920-enhance-1449x2048.jpg 1449w, https:\/\/hagenbeck-stables.com\/wp-content\/uploads\/2021\/01\/29062716_2039653582974722_7850695386632028160_n-1920-enhance.jpg 1358w\" sizes=\"(max-width: 600px) 100vw, 600px\" \/><\/a><\/div><div class=\"kowp_item\"><a data-fancybox=\"kowp_1509097700\" href=\"https:\/\/hagenbeck-stables.com\/wp-content\/uploads\/2021\/01\/WhatsUpDocBoon5-1000x350-enhance-1920.jpg\"><img width=\"600\" height=\"210\" src=\"https:\/\/hagenbeck-stables.com\/wp-content\/uploads\/2021\/01\/WhatsUpDocBoon5-1000x350-enhance-1920-600x210.jpg\" class=\"attachment-600x0 size-600x0 kowp_sc_slider_slider_gallerij_gallery_image\" alt=\"\" loading=\"lazy\" srcset=\"https:\/\/hagenbeck-stables.com\/wp-content\/uploads\/2021\/01\/WhatsUpDocBoon5-1000x350-enhance-1920-600x210.jpg 600w, https:\/\/hagenbeck-stables.com\/wp-content\/uploads\/2021\/01\/WhatsUpDocBoon5-1000x350-enhance-1920-300x105.jpg 300w, https:\/\/hagenbeck-stables.com\/wp-content\/uploads\/2021\/01\/WhatsUpDocBoon5-1000x350-enhance-1920-768x269.jpg 768w, https:\/\/hagenbeck-stables.com\/wp-content\/uploads\/2021\/01\/WhatsUpDocBoon5-1000x350-enhance-1920-1024x358.jpg 1024w, https:\/\/hagenbeck-stables.com\/wp-content\/uploads\/2021\/01\/WhatsUpDocBoon5-1000x350-enhance-1920-1536x538.jpg 1536w, https:\/\/hagenbeck-stables.com\/wp-content\/uploads\/2021\/01\/WhatsUpDocBoon5-1000x350-enhance-1920.jpg 1920w\" sizes=\"(max-width: 600px) 100vw, 600px\" \/><\/a><\/div><div class=\"kowp_item\"><a data-fancybox=\"kowp_1509097700\" href=\"https:\/\/hagenbeck-stables.com\/wp-content\/uploads\/2021\/01\/kaart-lena-25351-1920.jpg\"><img width=\"600\" height=\"398\" src=\"https:\/\/hagenbeck-stables.com\/wp-content\/uploads\/2021\/01\/kaart-lena-25351-1920-600x398.jpg\" class=\"attachment-600x0 size-600x0 kowp_sc_slider_slider_gallerij_gallery_image\" alt=\"\" loading=\"lazy\" srcset=\"https:\/\/hagenbeck-stables.com\/wp-content\/uploads\/2021\/01\/kaart-lena-25351-1920-600x398.jpg 600w, https:\/\/hagenbeck-stables.com\/wp-content\/uploads\/2021\/01\/kaart-lena-25351-1920-300x199.jpg 300w, https:\/\/hagenbeck-stables.com\/wp-content\/uploads\/2021\/01\/kaart-lena-25351-1920-768x510.jpg 768w, https:\/\/hagenbeck-stables.com\/wp-content\/uploads\/2021\/01\/kaart-lena-25351-1920-1024x680.jpg 1024w, https:\/\/hagenbeck-stables.com\/wp-content\/uploads\/2021\/01\/kaart-lena-25351-1920-1536x1020.jpg 1536w, https:\/\/hagenbeck-stables.com\/wp-content\/uploads\/2021\/01\/kaart-lena-25351-1920.jpg 1920w\" sizes=\"(max-width: 600px) 100vw, 600px\" \/><\/a><\/div><div class=\"kowp_item\"><a data-fancybox=\"kowp_1509097700\" href=\"https:\/\/hagenbeck-stables.com\/wp-content\/uploads\/2021\/01\/dynamite-1920-enhance.jpg\"><img width=\"600\" height=\"400\" src=\"https:\/\/hagenbeck-stables.com\/wp-content\/uploads\/2021\/01\/dynamite-1920-enhance-600x400.jpg\" class=\"attachment-600x0 size-600x0 kowp_sc_slider_slider_gallerij_gallery_image\" alt=\"\" loading=\"lazy\" srcset=\"https:\/\/hagenbeck-stables.com\/wp-content\/uploads\/2021\/01\/dynamite-1920-enhance-600x400.jpg 600w, https:\/\/hagenbeck-stables.com\/wp-content\/uploads\/2021\/01\/dynamite-1920-enhance-900x600.jpg 900w, https:\/\/hagenbeck-stables.com\/wp-content\/uploads\/2021\/01\/dynamite-1920-enhance-300x200.jpg 300w, https:\/\/hagenbeck-stables.com\/wp-content\/uploads\/2021\/01\/dynamite-1920-enhance-768x512.jpg 768w, https:\/\/hagenbeck-stables.com\/wp-content\/uploads\/2021\/01\/dynamite-1920-enhance-1024x683.jpg 1024w, https:\/\/hagenbeck-stables.com\/wp-content\/uploads\/2021\/01\/dynamite-1920-enhance-1536x1024.jpg 1536w, https:\/\/hagenbeck-stables.com\/wp-content\/uploads\/2021\/01\/dynamite-1920-enhance.jpg 1920w\" sizes=\"(max-width: 600px) 100vw, 600px\" \/><\/a><\/div><div class=\"kowp_item\"><a data-fancybox=\"kowp_1509097700\" href=\"https:\/\/hagenbeck-stables.com\/wp-content\/uploads\/2021\/01\/peter-2-1920-enhance.jpg\"><img width=\"600\" height=\"338\" src=\"https:\/\/hagenbeck-stables.com\/wp-content\/uploads\/2021\/01\/peter-2-1920-enhance-600x338.jpg\" class=\"attachment-600x0 size-600x0 kowp_sc_slider_slider_gallerij_gallery_image\" alt=\"\" loading=\"lazy\" srcset=\"https:\/\/hagenbeck-stables.com\/wp-content\/uploads\/2021\/01\/peter-2-1920-enhance-600x338.jpg 600w, https:\/\/hagenbeck-stables.com\/wp-content\/uploads\/2021\/01\/peter-2-1920-enhance-300x169.jpg 300w, https:\/\/hagenbeck-stables.com\/wp-content\/uploads\/2021\/01\/peter-2-1920-enhance-768x432.jpg 768w, https:\/\/hagenbeck-stables.com\/wp-content\/uploads\/2021\/01\/peter-2-1920-enhance-1024x576.jpg 1024w, https:\/\/hagenbeck-stables.com\/wp-content\/uploads\/2021\/01\/peter-2-1920-enhance-1536x864.jpg 1536w, https:\/\/hagenbeck-stables.com\/wp-content\/uploads\/2021\/01\/peter-2-1920-enhance.jpg 1920w\" sizes=\"(max-width: 600px) 100vw, 600px\" \/><\/a><\/div><div class=\"kowp_item\"><a data-fancybox=\"kowp_1509097700\" href=\"https:\/\/hagenbeck-stables.com\/wp-content\/uploads\/2021\/01\/appvanessa4-hagenbeck-stables-1920-enhance.jpg\"><img width=\"600\" height=\"275\" src=\"https:\/\/hagenbeck-stables.com\/wp-content\/uploads\/2021\/01\/appvanessa4-hagenbeck-stables-1920-enhance-600x275.jpg\" class=\"attachment-600x0 size-600x0 kowp_sc_slider_slider_gallerij_gallery_image\" alt=\"\" loading=\"lazy\" srcset=\"https:\/\/hagenbeck-stables.com\/wp-content\/uploads\/2021\/01\/appvanessa4-hagenbeck-stables-1920-enhance-600x275.jpg 600w, https:\/\/hagenbeck-stables.com\/wp-content\/uploads\/2021\/01\/appvanessa4-hagenbeck-stables-1920-enhance-300x138.jpg 300w, https:\/\/hagenbeck-stables.com\/wp-content\/uploads\/2021\/01\/appvanessa4-hagenbeck-stables-1920-enhance-768x352.jpg 768w, https:\/\/hagenbeck-stables.com\/wp-content\/uploads\/2021\/01\/appvanessa4-hagenbeck-stables-1920-enhance-1024x470.jpg 1024w, https:\/\/hagenbeck-stables.com\/wp-content\/uploads\/2021\/01\/appvanessa4-hagenbeck-stables-1920-enhance-1536x705.jpg 1536w, https:\/\/hagenbeck-stables.com\/wp-content\/uploads\/2021\/01\/appvanessa4-hagenbeck-stables-1920-enhance.jpg 1920w\" sizes=\"(max-width: 600px) 100vw, 600px\" \/><\/a><\/div><div class=\"kowp_item\"><a data-fancybox=\"kowp_1509097700\" href=\"https:\/\/hagenbeck-stables.com\/wp-content\/uploads\/2021\/01\/outdoor-arena-900x400-enhance-1920.jpg\"><img width=\"600\" height=\"267\" src=\"https:\/\/hagenbeck-stables.com\/wp-content\/uploads\/2021\/01\/outdoor-arena-900x400-enhance-1920-600x267.jpg\" class=\"attachment-600x0 size-600x0 kowp_sc_slider_slider_gallerij_gallery_image\" alt=\"\" loading=\"lazy\" srcset=\"https:\/\/hagenbeck-stables.com\/wp-content\/uploads\/2021\/01\/outdoor-arena-900x400-enhance-1920-600x267.jpg 600w, https:\/\/hagenbeck-stables.com\/wp-content\/uploads\/2021\/01\/outdoor-arena-900x400-enhance-1920-300x133.jpg 300w, https:\/\/hagenbeck-stables.com\/wp-content\/uploads\/2021\/01\/outdoor-arena-900x400-enhance-1920-768x341.jpg 768w, https:\/\/hagenbeck-stables.com\/wp-content\/uploads\/2021\/01\/outdoor-arena-900x400-enhance-1920-1024x455.jpg 1024w, https:\/\/hagenbeck-stables.com\/wp-content\/uploads\/2021\/01\/outdoor-arena-900x400-enhance-1920-1536x682.jpg 1536w, https:\/\/hagenbeck-stables.com\/wp-content\/uploads\/2021\/01\/outdoor-arena-900x400-enhance-1920.jpg 1920w\" sizes=\"(max-width: 600px) 100vw, 600px\" \/><\/a><\/div><\/div><style>.kowp_980211907.kowp_wrapper.kowp_masonry {margin-left: -4px;margin-right: -4px;}.kowp_980211907.kowp_wrapper.kowp_masonry .kowp_item {margin-bottom: 8px;}.kowp_980211907.kowp_wrapper.kowp_masonry .kowp_col {padding: 4px;}<\/style><script>(function($) {$(\".kowp_masonry\").colcade({columns: \".kowp_col\",items: \".kowp_item\"});})(jQuery);<\/script><\/div><\/div><\/div>\n\t\t\t\t<\/div>\n\t\t\t\t<\/div>\n\t\t\t\t\t\t<\/div>\n\t\t\t\t\t<\/div>\n\t\t<\/div>\n\t\t\t\t<div class=\"elementor-column elementor-col-50 elementor-top-column elementor-element elementor-element-365a8cd\" data-id=\"365a8cd\" data-element_type=\"column\">\n\t\t\t<div class=\"elementor-column-wrap elementor-element-populated\">\n\t\t\t\t\t\t\t<div class=\"elementor-widget-wrap\">\n\t\t\t\t\t\t<div class=\"elementor-element elementor-element-bc2bd69 elementor-widget elementor-widget-text-editor\" data-id=\"bc2bd69\" data-element_type=\"widget\" data-widget_type=\"text-editor.default\">\n\t\t\t\t<div class=\"elementor-widget-container\">\n\t\t\t\t\t\t\t\t<div class=\"elementor-text-editor elementor-clearfix\">\n\t\t\t\t<p>Hagenbeck - ein alter Name mit einer langen Geschichte im Tierbereich. Die Urspr\u00fcnge von Hagenbeck Stables reichen bis ins fr\u00fche 20. Jahrhundert zur\u00fcck, zu einer der \u00e4ltesten und gr\u00f6\u00dften Zirkusfamilien Europas und zu einer der erfolgreichsten Wildtierschulen und Zoos Europas, die Kunden wie MGM, Walt Disney und Siegfried &amp; Roy betreuten. Hier ist Hagenbeck Stables-Gr\u00fcnderin und Tier\u00e4rztin Sonja Hagenbeck aufgewachsen und hat die Liebe zu den Tieren entdeckt.<\/p><p>Geboren in eine Welt voller Zirkuslichter, Artisten, L\u00f6wen und Tiger, war Sonjas Weg von Anfang an geebnet. Sie wurde Tier\u00e4rztin, er\u00f6ffnete ihre eigene Klinik und gr\u00fcndete die Hagenbeck Stables, wo sie sich auf die selektive Zucht und Ausbildung von American Quarter und PaintHorses spezialisierte. Sie schaffte es auch, selbst eine sehr angesehene Reiterin zu werden und gewann mehrere niederl\u00e4ndische und deutsche Cutting-Meisterschaften.<\/p><h3>Wie die Mutter, so der Sohn<\/h3><p>Nicht weit dahinter, in ihre Fu\u00dfstapfen tretend, ist Sonjas einziger Sohn, Santino. Er hat fast sein ganzes Leben auf dem R\u00fccken eines Pferdes verbracht und sich zu einem sehr erfolgreichen Reiter entwickelt. Santino ist ein erfahrener Reiter und Trainer, der auf mehrere Meistertitel im Cutting und Working Cowhorse in den Niederlanden, Deutschland und Luxemburg zur\u00fcckblickt - seinen ersten Meisterschaftsritt absolvierte er im zarten Alter von 14 Jahren. Einige seiner fr\u00fchen Erfolge in jungen Jahren waren 1. Platz IDEXX Cutting Cup bei der Eurocheval 2014 und Finalist Open Cutting NCHA bei der Americana 2013 und 2015, High Point Open erster und zweiter Platz der Lowland Cutting Tour 2013, Bavarian Open Champion 2015.<\/p><p><strong>Hagenbeck Stables<\/strong><\/p><p>Im S\u00fcdosten der Niederlande gelegen, ist der Stall Hagenbeck nur einen Katzensprung von den sch\u00f6nen St\u00e4dten Maastricht und Aachen entfernt. Spezialisiert auf die Disziplinen Cutting und Reining, haben die Hagenbecks zusammen mit ihren engagierten und talentierten Trainern und Mitarbeitern mehrere erfolgreiche Leistungspferde wie Sonitas Black Gold, Runaround Lena, Doc Cinc, HS Sonitas Smart Lena, HS Smart Moving Cat und Whats Up Doc Boon hervorgebracht und viele Reiter ausgebildet, um ihre F\u00e4higkeiten zu perfektionieren und erfolgreiche Turnierreiter zu werden.<\/p>\t\t\t\t\t<\/div>\n\t\t\t\t\t\t<\/div>\n\t\t\t\t<\/div>\n\t\t\t\t\t\t<\/div>\n\t\t\t\t\t<\/div>\n\t\t<\/div>\n\t\t\t\t\t\t\t\t<\/div>\n\t\t\t\t\t<\/div>\n\t\t<\/section>\n\t\t\t\t<section class=\"elementor-section elementor-top-section elementor-element elementor-element-37b584b elementor-section-boxed elementor-section-height-default elementor-section-height-default\" data-id=\"37b584b\" data-element_type=\"section\">\n\t\t\t\t\t\t<div class=\"elementor-container elementor-column-gap-default\">\n\t\t\t\t\t\t\t<div class=\"elementor-row\">\n\t\t\t\t\t<div class=\"elementor-column elementor-col-100 elementor-top-column elementor-element elementor-element-9ab43d9\" data-id=\"9ab43d9\" data-element_type=\"column\">\n\t\t\t<div class=\"elementor-column-wrap elementor-element-populated\">\n\t\t\t\t\t\t\t<div class=\"elementor-widget-wrap\">\n\t\t\t\t\t\t<div class=\"elementor-element elementor-element-dbfa0fd elementor-aspect-ratio-169 elementor-widget elementor-widget-video\" data-id=\"dbfa0fd\" data-element_type=\"widget\" data-settings=\"{&quot;youtube_url&quot;:&quot;https:\\\/\\\/youtu.be\\\/YPZeCaLNtjo&quot;,&quot;video_type&quot;:&quot;youtube&quot;,&quot;controls&quot;:&quot;yes&quot;,&quot;aspect_ratio&quot;:&quot;169&quot;}\" data-widget_type=\"video.default\">\n\t\t\t\t<div class=\"elementor-widget-container\">\n\t\t\t\t\t<div class=\"elementor-wrapper elementor-fit-aspect-ratio elementor-open-inline\">\n\t\t\t<div class=\"elementor-video\"><\/div>\t\t<\/div>\n\t\t\t\t<\/div>\n\t\t\t\t<\/div>\n\t\t\t\t\t\t<\/div>\n\t\t\t\t\t<\/div>\n\t\t<\/div>\n\t\t\t\t\t\t\t\t<\/div>\n\t\t\t\t\t<\/div>\n\t\t<\/section>\n\t\t\t\t\t\t<\/div>\n\t\t\t\t\t\t<\/div>\n\t\t\t\t\t<\/div>","protected":false},"excerpt":{"rendered":"<p>Over Ons Hagenbeck &#8211; een eeuwenoude naam met een lange geschiedenis in dieren. De oorsprong van Hagenbeck Stables gaat terug tot het begin van de 20e eeuw, naar een van Europa&#8217;s oudste en grootste circusfamilies en een van Europa&#8217;s meest succesvolle trainingsscholen en dierentuinen voor wilde dieren, die klanten als MGM, Walt Disney en Siegfried [&hellip;]<\/p>","protected":false},"author":4,"featured_media":0,"parent":0,"menu_order":0,"comment_status":"closed","ping_status":"closed","template":"","meta":[],"_links":{"self":[{"href":"https:\/\/hagenbeck-stables.com\/de\/wp-json\/wp\/v2\/pages\/343"}],"collection":[{"href":"https:\/\/hagenbeck-stables.com\/de\/wp-json\/wp\/v2\/pages"}],"about":[{"href":"https:\/\/hagenbeck-stables.com\/de\/wp-json\/wp\/v2\/types\/page"}],"author":[{"embeddable":true,"href":"https:\/\/hagenbeck-stables.com\/de\/wp-json\/wp\/v2\/users\/4"}],"replies":[{"embeddable":true,"href":"https:\/\/hagenbeck-stables.com\/de\/wp-json\/wp\/v2\/comments?post=343"}],"version-history":[{"count":40,"href":"https:\/\/hagenbeck-stables.com\/de\/wp-json\/wp\/v2\/pages\/343\/revisions"}],"predecessor-version":[{"id":1155,"href":"https:\/\/hagenbeck-stables.com\/de\/wp-json\/wp\/v2\/pages\/343\/revisions\/1155"}],"wp:attachment":[{"href":"https:\/\/hagenbeck-stables.com\/de\/wp-json\/wp\/v2\/media?parent=343"}],"curies":[{"name":"wp","href":"https:\/\/api.w.org\/{rel}","templated":true}]}}